{"id":32391,"date":"2025-09-19T11:28:17","date_gmt":"2025-09-19T09:28:17","guid":{"rendered":"https:\/\/construccionesmarva.com\/?page_id=32391"},"modified":"2025-10-08T10:04:12","modified_gmt":"2025-10-08T08:04:12","slug":"diseno-de-interiores","status":"publish","type":"page","link":"https:\/\/construccionesmarva.com\/es\/servicios\/diseno-de-interiores\/","title":{"rendered":"Dise\u00f1o de interiores"},"content":{"rendered":"<p>[vc_row][vc_column el_class=&#8221;boxed boxedDouble&#8221;][vc_raw_html]JTVCcmV2X3NsaWRlciUyMGFsaWFzJTNEJTIyc2VydmljaW9zMSUyMiU1RCU1QiUyRnJldl9zbGlkZXIlNUQ=[\/vc_raw_html][\/vc_column][\/vc_row][vc_row][vc_column][vc_column_text el_class=&#8221;container&#8221;]<\/p>\n<h1><strong>Interior Design<\/strong><\/h1>\n<p>En Marva entendemos que el dise\u00f1o interior es una parte fundamental en la creaci\u00f3n de una vivienda a medida. Aunque no somos un estudio de interiorismo, acompa\u00f1amos a nuestros clientes en cada decisi\u00f3n que afecta al interior de su casa, asegur\u00e1ndonos de que cada espacio sea<strong> c\u00f3modo, funcional y refleje su estilo de vida.<\/strong><\/p>\n<p>Nuestro papel dentro del proceso se centra en <strong>asesorar, guiar y coordinar<\/strong>. En muchos proyectos, los clientes llegan con un arquitecto o con un interiorista, y nosotros nos encargamos de trabajar codo a codo con ellos para que<strong> las ideas se conviertan en realidad durante la fase de obra. <\/strong>En otras ocasiones, el cliente no cuenta con un interiorista y necesita apoyo a la hora de elegir los materiales y acabados. En esos casos, ponemos a su disposici\u00f3n nuestra experiencia en construcci\u00f3n y conocimiento del mercado para <strong>recomendar opciones de calidad, est\u00e9ticas y duraderas <\/strong>para el dise\u00f1o de villas modernas.<\/p>\n<h2><strong>Dise\u00f1o de villas modernas en la Costa Blanca<\/strong><\/h2>\n<p>Gracias a nuestros m\u00e1s de 50 a\u00f1os de experiencia en la construcci\u00f3n de viviendas en la Costa Blanca, hemos aprendido que los peque\u00f1os detalles en el interior son los que marcan la diferencia. Por eso damos especial importancia a la <strong>selecci\u00f3n de pavimentos, revestimientos, carpinter\u00edas, iluminaci\u00f3n y distribuci\u00f3n de espacios<\/strong>. Sabemos qu\u00e9 materiales funcionan mejor seg\u00fan el uso, el mantenimiento y la ubicaci\u00f3n de la vivienda, y ofrecemos<strong> recomendaciones personalizadas<\/strong> que ayudan al cliente a tomar decisiones seguras.<\/p>\n<p>En <a href=\"https:\/\/construccionesmarva.com\/es\/\">Marva <\/a>creemos que el dise\u00f1o interior de villas no debe verse como un proceso independiente, sino como una parte integrada de la <u>construcci\u00f3n de la vivienda.<\/u> Nuestro equipo se encarga de coordinar a los distintos profesionales implicados (arquitectos, interioristas, proveedores y artesanos) para que cada elemento encaje a la perfecci\u00f3n. De esta manera, logramos<strong> interiores que transmiten armon\u00eda, calidad y personalidad,<\/strong> al mismo tiempo que cumplen con los est\u00e1ndares t\u00e9cnicos y constructivos m\u00e1s exigentes.<\/p>\n<p>Al final, nuestro objetivo es que cada cliente sienta que su casa est\u00e1 pensada para \u00e9l en todos los aspectos, desde la estructura hasta el \u00faltimo detalle de acabado. Ya sea trabajando en conjunto con un interiorista o aportando nuestro propio asesoramiento, en <strong>Marva <\/strong>nos aseguramos de que el interior de cada vivienda est\u00e9 a la altura del proyecto arquitect\u00f3nico y del estilo de vida de quienes van a habitarla.[\/vc_column_text][\/vc_column][\/vc_row][vc_row][vc_column][vc_column_text][vc_images_carousel images=&#8221;29591,29590,29607,29605,29579,29604,29598,29600,29603,29612,29593,29628,29596,29627,29618,29621,29622,29624,29592&#8243; img_size=&#8221;full&#8221; speed=&#8221;2000&#8243; slides_per_view=&#8221;3&#8243; autoplay=&#8221;yes&#8221; hide_pagination_control=&#8221;yes&#8221; hide_prev_next_buttons=&#8221;yes&#8221; partial_view=&#8221;yes&#8221; wrap=&#8221;yes&#8221;][\/vc_column_text][\/vc_column][\/vc_row][vc_row][vc_column][vc_empty_space]\n\n    <section    >\n        <div class=\"container\">\n            <div class=\"row\">\n                <div class=\"col-md-3\">\n                    <div class=\"section-info\">\n                        <div class=\"title-hr\"><\/div>\n                        <div class=\"info-title\">Localizaci\u00f3n &amp; Contacto<\/div>\n                    <\/div>\n                <\/div>\n                <div class=\"col-md-9\">\n                    <div class=\"row-contact row\">\n                        <div class=\"col-contact col-lg-6\">\n                            <h3 class=\"contact-title contact-top\">Oficinas en Moraira<\/h3>\n                            <p class=\"contact-address text-muted\"><strong><\/strong><\/p>\n\t\t\t\t\t\t\t                                    <p class=\"contact-row\">C\/ Doctor Calatayud, 49<br>\n03724 Moraira<br>\nAlicante - Espa\u00f1a<\/p>\n\t\t\t\t\t\t\t\t                                    <p class=\"contact-row\"><strong class=\"text-dark\">Email:<\/strong> <a href=\"mailto:veronica@construccionesmarva.com\" target=\"_blank\" rel=\"nofollow\">veronica@construccionesmarva.com<\/a>\n<\/p>\n\t\t\t\t\t\t\t\t                        <\/div>\n                        <div class=\"col-contact col-lg-6\">\n                            <p class=\"contact-top\"><strong\n                                        class=\"text-muted\">Ll\u00e1manos:<\/strong><\/p>\n                           <p class=\"phone-lg text-dark\">\t\t\t\t\t\t\t\t\t<a id=\"tlf-home_contacto\" href=\"tel:(+34)965744106\" target=\"_blank\" rel=\"nofollow\">\n\t\t\t\t\t\t\t\t\t\t(+34) 96 574 41 06\t\t\t\t\t\t\t\t\t<\/a>\n\t\t\t\t\t\t\t\t<\/p>\n                            <p class=\"text-muted\"><strong class=\"text-dark\">Horario de Atenci\u00f3n al Cliente<\/strong><br>\n\t\t\t\t\t\t\t\tLunes - Viernes : 09h00 - 18h00<\/p>\n                            <div class=\"text-muted\"><strong\n                                        class=\"text-dark\">S\u00edguenos en Redes Sociales<\/strong><br>\n                                <div class=\"contact-social social-list\">\n\n\t\t\t\t\t\t\t\t\t                                            <a href=\"https:\/\/www.facebook.com\/construccionesmarva\/\" class=\"icon  icon ion-social-facebook\" target=\"_blank\" rel=\"nofollow noopener noreferrer\"><\/a>\n\t\t\t\t\t\t\t\t\t\t                                            <a href=\"https:\/\/twitter.com\/infomarva?lang=es\" class=\"icon  icon ion-social-twitter\" target=\"_blank\" rel=\"nofollow noopener noreferrer\"><\/a>\n\t\t\t\t\t\t\t\t\t\t                                            <a href=\"https:\/\/www.linkedin.com\/public-profile\/in\/construcciones-marva-sl-8849b333\/\" class=\"icon  icon ion-social-linkedin\" target=\"_blank\" rel=\"nofollow noopener noreferrer\"><\/a>\n\t\t\t\t\t\t\t\t\t\t                                <\/div>\n                            <\/div>\n                        <\/div>\n                    <\/div>\n                <\/div>\n            <\/div>\n        <\/div>\n    <\/section>\n\n\n\t[\/vc_column][\/vc_row][vc_row][vc_column]    <section\n            class=\"section-message section \"  >\n        <div class=\"container\">\n            <div class=\"row\">\n                <div class=\"col-md-3\">\n                    <div class=\"section-info\">\n                        <div class=\"title-hr\"><\/div>\n                        <div class=\"info-title\">Escr\u00edbenos un mensaje<\/div>\n                    <\/div>\n                <\/div>\n                <div class=\"col-md-9\">\n\t\t\t\t\t\n\t\t\t\t\t\t\n<div class=\"wpcf7 no-js\" id=\"wpcf7-f29851-o1\" lang=\"es\" dir=\"ltr\" data-wpcf7-id=\"29851\">\n<div class=\"screen-reader-response\"><p role=\"status\" aria-live=\"polite\" aria-atomic=\"true\"><\/p> <ul><\/ul><\/div>\n<form action=\"\/es\/wp-json\/wp\/v2\/pages\/32391#wpcf7-f29851-o1\" method=\"post\" class=\"wpcf7-form init\" aria-label=\"Contact form\" novalidate=\"novalidate\" data-status=\"init\">\n<fieldset class=\"hidden-fields-container\"><input type=\"hidden\" name=\"_wpcf7\" value=\"29851\" \/><input type=\"hidden\" name=\"_wpcf7_version\" value=\"6.1.1\" \/><input type=\"hidden\" name=\"_wpcf7_locale\" value=\"es\" \/><input type=\"hidden\" name=\"_wpcf7_unit_tag\" value=\"wpcf7-f29851-o1\" \/><input type=\"hidden\" name=\"_wpcf7_container_post\" value=\"0\" \/><input type=\"hidden\" name=\"_wpcf7_posted_data_hash\" value=\"\" \/><input type=\"hidden\" name=\"_wpcf7_recaptcha_response\" value=\"\" \/>\n<\/fieldset>\n<div class=\"row\">\n\t<div class=\"form-group col-sm-6 col-lg-4\">\n\t\t<p><span class=\"wpcf7-form-control-wrap\" data-name=\"your-name\"><input size=\"40\" maxlength=\"400\" class=\"wpcf7-form-control wpcf7-text wpcf7-validates-as-required\" aria-required=\"true\" aria-invalid=\"false\" placeholder=\"Nombre*\" value=\"\" type=\"text\" name=\"your-name\" \/><\/span>\n\t\t<\/p>\n\t<\/div>\n\t<div class=\"form-group col-sm-6 col-lg-4\">\n\t\t<p><span class=\"wpcf7-form-control-wrap\" data-name=\"your-email\"><input size=\"40\" maxlength=\"400\" class=\"wpcf7-form-control wpcf7-email wpcf7-validates-as-required wpcf7-text wpcf7-validates-as-email\" aria-required=\"true\" aria-invalid=\"false\" placeholder=\"Correo electr\u00f3nico*\" value=\"\" type=\"email\" name=\"your-email\" \/><\/span>\n\t\t<\/p>\n\t<\/div>\n\t<div class=\"form-group col-sm-6 col-lg-4\">\n\t\t<p><span class=\"wpcf7-form-control-wrap\" data-name=\"your-phone\"><input size=\"40\" maxlength=\"400\" class=\"wpcf7-form-control wpcf7-tel wpcf7-validates-as-required wpcf7-text wpcf7-validates-as-tel\" aria-required=\"true\" aria-invalid=\"false\" placeholder=\"Tel\u00e9fono*\" value=\"\" type=\"tel\" name=\"your-phone\" \/><\/span>\n\t\t<\/p>\n\t<\/div>\n\t<div class=\"form-group col-sm-6 col-lg-4\">\n\t\t<p><span class=\"wpcf7-form-control-wrap\" data-name=\"your-subject\"><input size=\"40\" maxlength=\"400\" class=\"wpcf7-form-control wpcf7-text\" aria-invalid=\"false\" placeholder=\"Asunto (Opcional)\" value=\"\" type=\"text\" name=\"your-subject\" \/><\/span>\n\t\t<\/p>\n\t<\/div>\n\t<div class=\"form-group col-sm-12\">\n\t\t<p><span class=\"wpcf7-form-control-wrap\" data-name=\"your-message\"><textarea cols=\"40\" rows=\"10\" maxlength=\"2000\" class=\"wpcf7-form-control wpcf7-textarea wpcf7-validates-as-required\" aria-required=\"true\" aria-invalid=\"false\" placeholder=\"Mensaje*\" name=\"your-message\"><\/textarea><\/span>\n\t\t<\/p>\n\t<\/div>\n\t<div class=\"form-group col-sm-12 aceptacion\">\n\t\t<p><span class=\"wpcf7-form-control-wrap\" data-name=\"politica-privacidad\"><span class=\"wpcf7-form-control wpcf7-acceptance\"><span class=\"wpcf7-list-item\"><label><input type=\"checkbox\" name=\"politica-privacidad\" value=\"1\" aria-invalid=\"false\" \/><span class=\"wpcf7-list-item-label\">He le\u00eddo y acepto la <a href=\"\/es\/politica-privacidad\/\" target=\"_blank\" rel=\"nofollow\" style=\"color:#000;\">pol\u00edtica de privacidad<\/a><\/span><\/label><\/span><\/span><\/span>\n\t\t<\/p>\n\t<\/div>\n\t<div class=\"col-sm-12\">\n\t\t<p><input class=\"wpcf7-form-control wpcf7-submit has-spinner btn-upper btn-yellow btn\" type=\"submit\" value=\"Enviar Mensaje\" \/>\n\t\t<\/p>\n\t<\/div>\n<\/div><p style=\"display: none !important;\" class=\"akismet-fields-container\" data-prefix=\"_wpcf7_ak_\"><label>&#916;<textarea name=\"_wpcf7_ak_hp_textarea\" cols=\"45\" rows=\"8\" maxlength=\"100\"><\/textarea><\/label><input type=\"hidden\" id=\"ak_js_1\" name=\"_wpcf7_ak_js\" value=\"127\"\/><script>document.getElementById( \"ak_js_1\" ).setAttribute( \"value\", ( new Date() ).getTime() );<\/script><\/p><div class=\"wpcf7-response-output\" aria-hidden=\"true\"><\/div>\n<\/form>\n<\/div>\n\t\t\t\t\t                <\/div>\n            <\/div>\n        <\/div>\n    <\/section>\n\n\n\t[\/vc_column][\/vc_row][vc_row][vc_column]\n\n    <div data-lat=\"\n\t38.689005\"\n         data-lng=\"0.134730\" id=\"map\" class=\"map\">\n\n\t\t            <div class=\"map-title\">\n\n                <div class=\"brand\" href=\"#\">\n\t\t\t\t\t                    <div class=\"brand-info\">\n                        <div class=\"brand-name\">Marva<\/div>\n                        <div class=\"brand-text\">Construcciones &amp; Ventas<\/div>\n                    <\/div>\n                <\/div>\n            <\/div>\n            <p class=\"map-address\"><\/p>\n\t\t\t\n\t\t\t                <p class=\"gmap-open\">\n                    <a\n                            href=\"https:\/\/www.google.com\/maps\/place\/Marva+Construcciones\/@38.6883267,0.131973,17z\/data=!4m8!1m2!2m1!1sC%2F+Doctor+Calatayud,+49+03724+Moraira+Alicante+-+Spain!3m4!1s0x129e07c945b6bca9:0xf4c0c656848bc9db!8m2!3d38.6888199!4d0.1346909\"\n                            target=\"_blank\">Abrir en Google Maps<\/a><\/p>\n\n\t\t\t\n\t\t\n    <\/div>\n\n\t\n    <script>\n\n\n        function initialize() {\n\n            var contentString = '<div class=\"map-info\">'\n                + jQuery(\"#map\").html() +\n                '<\/div>';\n\n\n            var mapOptions = {\n                zoom: 8, \/\/ Change zoom here\n                center: mapLocation,\n                scrollwheel: false,\n\n                styles: [\n    {\n        \"featureType\": \"all\",\n        \"elementType\": \"geometry.fill\",\n        \"stylers\": [\n            {\n                \"weight\": \"2.00\"\n            }\n        ]\n    },\n    {\n        \"featureType\": \"all\",\n        \"elementType\": \"geometry.stroke\",\n        \"stylers\": [\n            {\n                \"color\": \"#9c9c9c\"\n            }\n        ]\n    },\n    {\n        \"featureType\": \"all\",\n        \"elementType\": \"labels.text\",\n        \"stylers\": [\n            {\n                \"visibility\": \"on\"\n            }\n        ]\n    },\n    {\n        \"featureType\": \"landscape\",\n        \"elementType\": \"all\",\n        \"stylers\": [\n            {\n                \"color\": \"#f2f2f2\"\n            }\n        ]\n    },\n    {\n        \"featureType\": \"landscape\",\n        \"elementType\": \"geometry.fill\",\n        \"stylers\": [\n            {\n                \"color\": \"#ffffff\"\n            }\n        ]\n    },\n    {\n        \"featureType\": \"landscape.man_made\",\n        \"elementType\": \"geometry.fill\",\n        \"stylers\": [\n            {\n                \"color\": \"#ffffff\"\n            }\n        ]\n    },\n    {\n        \"featureType\": \"poi\",\n        \"elementType\": \"all\",\n        \"stylers\": [\n            {\n                \"visibility\": \"off\"\n            }\n        ]\n    },\n    {\n        \"featureType\": \"road\",\n        \"elementType\": \"all\",\n        \"stylers\": [\n            {\n                \"saturation\": -100\n            },\n            {\n                \"lightness\": 45\n            }\n        ]\n    },\n    {\n        \"featureType\": \"road\",\n        \"elementType\": \"geometry.fill\",\n        \"stylers\": [\n            {\n                \"color\": \"#eeeeee\"\n            }\n        ]\n    },\n    {\n        \"featureType\": \"road\",\n        \"elementType\": \"labels.text.fill\",\n        \"stylers\": [\n            {\n                \"color\": \"#7b7b7b\"\n            }\n        ]\n    },\n    {\n        \"featureType\": \"road\",\n        \"elementType\": \"labels.text.stroke\",\n        \"stylers\": [\n            {\n                \"color\": \"#ffffff\"\n            }\n        ]\n    },\n    {\n        \"featureType\": \"road.highway\",\n        \"elementType\": \"all\",\n        \"stylers\": [\n            {\n                \"visibility\": \"simplified\"\n            }\n        ]\n    },\n    {\n        \"featureType\": \"road.arterial\",\n        \"elementType\": \"labels.icon\",\n        \"stylers\": [\n            {\n                \"visibility\": \"off\"\n            }\n        ]\n    },\n    {\n        \"featureType\": \"transit\",\n        \"elementType\": \"all\",\n        \"stylers\": [\n            {\n                \"visibility\": \"off\"\n            }\n        ]\n    },\n    {\n        \"featureType\": \"water\",\n        \"elementType\": \"all\",\n        \"stylers\": [\n            {\n                \"color\": \"#46bcec\"\n            },\n            {\n                \"visibility\": \"on\"\n            }\n        ]\n    },\n    {\n        \"featureType\": \"water\",\n        \"elementType\": \"geometry.fill\",\n        \"stylers\": [\n            {\n                \"color\": \"#c8d7d4\"\n            }\n        ]\n    },\n    {\n        \"featureType\": \"water\",\n        \"elementType\": \"labels.text.fill\",\n        \"stylers\": [\n            {\n                \"color\": \"#070707\"\n            }\n        ]\n    },\n    {\n        \"featureType\": \"water\",\n        \"elementType\": \"labels.text.stroke\",\n        \"stylers\": [\n            {\n                \"color\": \"#ffffff\"\n            }\n        ]\n    }\n]\n            };\n\n            map = new google.maps.Map(document.getElementById('map'),\n                mapOptions);\n            var infowindow = new google.maps.InfoWindow({\n                content: contentString,\n            });\n\n\t\t\t            marker = new google.maps.Marker({\n                map: map,\n                draggable: true,\n                title: 'bauhaus', \/\/change title here\n                animation: google.maps.Animation.DROP,\n                position: mapLocation\n            });\n\t\t\t            google.maps.event.addListener(marker, 'click', function () {\n                infowindow.open(map, marker);\n            });\n\n\n            infowindow.open(map, marker);\n\n        }\n\n\n    <\/script>\n\n\t[\/vc_column][\/vc_row]<\/p>\n","protected":false},"excerpt":{"rendered":"<p>[vc_row][vc_column][vc_column_text el_class=&#8221;container&#8221;] Interior Design En Marva entendemos que el dise\u00f1o interior es una parte fundamental en la creaci\u00f3n de una vivienda a medida. Aunque no somos un estudio de interiorismo, acompa\u00f1amos a nuestros clientes en cada decisi\u00f3n que afecta al interior de su casa, asegur\u00e1ndonos de que cada espacio sea c\u00f3modo, funcional y [&hellip;]<\/p>\n","protected":false},"author":4,"featured_media":0,"parent":29829,"menu_order":1,"comment_status":"closed","ping_status":"closed","template":"template-fullwidth.php","meta":{"_joinchat":[],"footnotes":""},"class_list":["post-32391","page","type-page","status-publish","hentry"],"yoast_head":"<!-- This site is optimized with the Yoast SEO plugin v25.9 - https:\/\/yoast.com\/wordpress\/plugins\/seo\/ -->\n<title>Dise\u00f1o de interiores de villas de lujo: a tu medida<\/title>\n<meta name=\"description\" content=\"Dise\u00f1o de interiores de villas de lujo con Marva. Te ayudamos a crear la villa de tus sue\u00f1os con un acabado perfecto y totalmente a medida\" \/>\n<meta name=\"robots\" content=\"index, follow, max-snippet:-1, max-image-preview:large, max-video-preview:-1\" \/>\n<link rel=\"canonical\" href=\"https:\/\/construccionesmarva.com\/es\/servicios\/diseno-de-interiores\/\" \/>\n<meta property=\"og:locale\" content=\"es_ES\" \/>\n<meta property=\"og:type\" content=\"article\" \/>\n<meta property=\"og:title\" content=\"Dise\u00f1o de interiores de villas de lujo: a tu medida\" \/>\n<meta property=\"og:description\" content=\"Dise\u00f1o de interiores de villas de lujo con Marva. Te ayudamos a crear la villa de tus sue\u00f1os con un acabado perfecto y totalmente a medida\" \/>\n<meta property=\"og:url\" content=\"https:\/\/construccionesmarva.com\/es\/servicios\/diseno-de-interiores\/\" \/>\n<meta property=\"og:site_name\" content=\"Marva\" \/>\n<meta property=\"article:modified_time\" content=\"2025-10-08T08:04:12+00:00\" \/>\n<meta property=\"og:image\" content=\"https:\/\/construccionesmarva.com\/wp-content\/webp-express\/webp-images\/uploads\/2022\/02\/Logotipos_Marva-10-e1644950568634.png.webp\" \/>\n\t<meta property=\"og:image:width\" content=\"1906\" \/>\n\t<meta property=\"og:image:height\" content=\"577\" \/>\n\t<meta property=\"og:image:type\" content=\"image\/png\" \/>\n<meta name=\"twitter:card\" content=\"summary_large_image\" \/>\n<meta name=\"twitter:image\" content=\"https:\/\/construccionesmarva.com\/wp-content\/webp-express\/webp-images\/uploads\/2022\/02\/Logotipos_Marva-10-e1644950568634.png.webp\" \/>\n<meta name=\"twitter:label1\" content=\"Est. reading time\" \/>\n\t<meta name=\"twitter:data1\" content=\"2 minutes\" \/>\n<script type=\"application\/ld+json\" class=\"yoast-schema-graph\">{\"@context\":\"https:\/\/schema.org\",\"@graph\":[{\"@type\":\"WebPage\",\"@id\":\"https:\/\/construccionesmarva.com\/es\/servicios\/diseno-de-interiores\/\",\"url\":\"https:\/\/construccionesmarva.com\/es\/servicios\/diseno-de-interiores\/\",\"name\":\"Dise\u00f1o de interiores de villas de lujo: a tu medida\",\"isPartOf\":{\"@id\":\"https:\/\/construccionesmarva.com\/es\/#website\"},\"datePublished\":\"2025-09-19T09:28:17+00:00\",\"dateModified\":\"2025-10-08T08:04:12+00:00\",\"description\":\"Dise\u00f1o de interiores de villas de lujo con Marva. Te ayudamos a crear la villa de tus sue\u00f1os con un acabado perfecto y totalmente a medida\",\"breadcrumb\":{\"@id\":\"https:\/\/construccionesmarva.com\/es\/servicios\/diseno-de-interiores\/#breadcrumb\"},\"inLanguage\":\"es\",\"potentialAction\":[{\"@type\":\"ReadAction\",\"target\":[\"https:\/\/construccionesmarva.com\/es\/servicios\/diseno-de-interiores\/\"]}]},{\"@type\":\"BreadcrumbList\",\"@id\":\"https:\/\/construccionesmarva.com\/es\/servicios\/diseno-de-interiores\/#breadcrumb\",\"itemListElement\":[{\"@type\":\"ListItem\",\"position\":1,\"name\":\"Inicio\",\"item\":\"https:\/\/construccionesmarva.com\/es\/\"},{\"@type\":\"ListItem\",\"position\":2,\"name\":\"Servicios\",\"item\":\"https:\/\/construccionesmarva.com\/es\/servicios\/\"},{\"@type\":\"ListItem\",\"position\":3,\"name\":\"Dise\u00f1o de interiores\"}]},{\"@type\":\"WebSite\",\"@id\":\"https:\/\/construccionesmarva.com\/es\/#website\",\"url\":\"https:\/\/construccionesmarva.com\/es\/\",\"name\":\"Marva\",\"description\":\"Construction and housing sales\",\"potentialAction\":[{\"@type\":\"SearchAction\",\"target\":{\"@type\":\"EntryPoint\",\"urlTemplate\":\"https:\/\/construccionesmarva.com\/es\/?s={search_term_string}\"},\"query-input\":{\"@type\":\"PropertyValueSpecification\",\"valueRequired\":true,\"valueName\":\"search_term_string\"}}],\"inLanguage\":\"es\"}]}<\/script>\n<!-- \/ Yoast SEO plugin. -->","yoast_head_json":{"title":"Dise\u00f1o de interiores de villas de lujo: a tu medida","description":"Dise\u00f1o de interiores de villas de lujo con Marva. Te ayudamos a crear la villa de tus sue\u00f1os con un acabado perfecto y totalmente a medida","robots":{"index":"index","follow":"follow","max-snippet":"max-snippet:-1","max-image-preview":"max-image-preview:large","max-video-preview":"max-video-preview:-1"},"canonical":"https:\/\/construccionesmarva.com\/es\/servicios\/diseno-de-interiores\/","og_locale":"es_ES","og_type":"article","og_title":"Dise\u00f1o de interiores de villas de lujo: a tu medida","og_description":"Dise\u00f1o de interiores de villas de lujo con Marva. Te ayudamos a crear la villa de tus sue\u00f1os con un acabado perfecto y totalmente a medida","og_url":"https:\/\/construccionesmarva.com\/es\/servicios\/diseno-de-interiores\/","og_site_name":"Marva","article_modified_time":"2025-10-08T08:04:12+00:00","og_image":[{"width":1906,"height":577,"url":"https:\/\/construccionesmarva.com\/wp-content\/webp-express\/webp-images\/uploads\/2022\/02\/Logotipos_Marva-10-e1644950568634.png.webp","type":"image\/png"}],"twitter_card":"summary_large_image","twitter_image":"https:\/\/construccionesmarva.com\/wp-content\/webp-express\/webp-images\/uploads\/2022\/02\/Logotipos_Marva-10-e1644950568634.png.webp","twitter_misc":{"Est. reading time":"2 minutes"},"schema":{"@context":"https:\/\/schema.org","@graph":[{"@type":"WebPage","@id":"https:\/\/construccionesmarva.com\/es\/servicios\/diseno-de-interiores\/","url":"https:\/\/construccionesmarva.com\/es\/servicios\/diseno-de-interiores\/","name":"Dise\u00f1o de interiores de villas de lujo: a tu medida","isPartOf":{"@id":"https:\/\/construccionesmarva.com\/es\/#website"},"datePublished":"2025-09-19T09:28:17+00:00","dateModified":"2025-10-08T08:04:12+00:00","description":"Dise\u00f1o de interiores de villas de lujo con Marva. Te ayudamos a crear la villa de tus sue\u00f1os con un acabado perfecto y totalmente a medida","breadcrumb":{"@id":"https:\/\/construccionesmarva.com\/es\/servicios\/diseno-de-interiores\/#breadcrumb"},"inLanguage":"es","potentialAction":[{"@type":"ReadAction","target":["https:\/\/construccionesmarva.com\/es\/servicios\/diseno-de-interiores\/"]}]},{"@type":"BreadcrumbList","@id":"https:\/\/construccionesmarva.com\/es\/servicios\/diseno-de-interiores\/#breadcrumb","itemListElement":[{"@type":"ListItem","position":1,"name":"Inicio","item":"https:\/\/construccionesmarva.com\/es\/"},{"@type":"ListItem","position":2,"name":"Servicios","item":"https:\/\/construccionesmarva.com\/es\/servicios\/"},{"@type":"ListItem","position":3,"name":"Dise\u00f1o de interiores"}]},{"@type":"WebSite","@id":"https:\/\/construccionesmarva.com\/es\/#website","url":"https:\/\/construccionesmarva.com\/es\/","name":"Marva","description":"Construction and housing sales","potentialAction":[{"@type":"SearchAction","target":{"@type":"EntryPoint","urlTemplate":"https:\/\/construccionesmarva.com\/es\/?s={search_term_string}"},"query-input":{"@type":"PropertyValueSpecification","valueRequired":true,"valueName":"search_term_string"}}],"inLanguage":"es"}]}},"_links":{"self":[{"href":"https:\/\/construccionesmarva.com\/es\/wp-json\/wp\/v2\/pages\/32391","targetHints":{"allow":["GET"]}}],"collection":[{"href":"https:\/\/construccionesmarva.com\/es\/wp-json\/wp\/v2\/pages"}],"about":[{"href":"https:\/\/construccionesmarva.com\/es\/wp-json\/wp\/v2\/types\/page"}],"author":[{"embeddable":true,"href":"https:\/\/construccionesmarva.com\/es\/wp-json\/wp\/v2\/users\/4"}],"replies":[{"embeddable":true,"href":"https:\/\/construccionesmarva.com\/es\/wp-json\/wp\/v2\/comments?post=32391"}],"version-history":[{"count":2,"href":"https:\/\/construccionesmarva.com\/es\/wp-json\/wp\/v2\/pages\/32391\/revisions"}],"predecessor-version":[{"id":32893,"href":"https:\/\/construccionesmarva.com\/es\/wp-json\/wp\/v2\/pages\/32391\/revisions\/32893"}],"up":[{"embeddable":true,"href":"https:\/\/construccionesmarva.com\/es\/wp-json\/wp\/v2\/pages\/29829"}],"wp:attachment":[{"href":"https:\/\/construccionesmarva.com\/es\/wp-json\/wp\/v2\/media?parent=32391"}],"curies":[{"name":"wp","href":"https:\/\/api.w.org\/{rel}","templated":true}]}}