{"id":29833,"date":"2020-07-08T19:31:14","date_gmt":"2020-07-08T17:31:14","guid":{"rendered":"https:\/\/construccionesmarva.com\/?page_id=726"},"modified":"2025-08-29T10:40:06","modified_gmt":"2025-08-29T08:40:06","slug":"politica-de-cookies","status":"publish","type":"page","link":"https:\/\/construccionesmarva.com\/es\/politica-de-cookies\/","title":{"rendered":"Pol\u00edtica de Cookies"},"content":{"rendered":"<p>[vc_row][vc_column width=&#8221;1\/6&#8243;][\/vc_column][vc_column width=&#8221;2\/3&#8243;][vc_empty_space height=&#8221;64px&#8221;][vc_column_text]<\/p>\n<div class=\"elementor-element elementor-element-1d63883 elementor-widget elementor-widget-heading\" data-id=\"1d63883\" data-element_type=\"widget\" data-widget_type=\"heading.default\">\n<div class=\"elementor-widget-container\">\n<h1><b>POL\u00cdTICA DE COOKIES<\/b><\/h1>\n<p>&nbsp;<\/p>\n<h6>1. \u00bfQu\u00e9 son las Cookies?<\/h6>\n<p><span style=\"font-weight: 400;\">Las cookies son peque\u00f1os ficheros de datos que se generan en el ordenador del usuario y que nos permiten conocer su frecuencia de visitas, los contenidos m\u00e1s seleccionados y los elementos de seguridad que pueden intervenir en el control de acceso a \u00e1reas restringidas, as\u00ed como la visualizaci\u00f3n de publicidad en funci\u00f3n de criterios predefinidos por OBRAS Y SERVICIOS MARVA, S.L. y que se activan por cookies servidas por dicha entidad o por terceros que prestan estos servicios por cuenta de OBRAS Y SERVICIOS MARVA, S.L..\u00a0<\/span><\/p>\n<p><span style=\"font-weight: 400;\">Por regla general, existen los siguientes <\/span><b>tipos de cookies<\/b><span style=\"font-weight: 400;\">.\u00a0<\/span><\/p>\n<p><b>Seg\u00fan quien sea la entidad que gestione el dominio <\/b><span style=\"font-weight: 400;\">desde donde se env\u00edan las cookies y trate los datos que se obtengan se pueden distinguir dos tipos:\u00a0<\/span><\/p>\n<ul>\n<li><span style=\"font-weight: 400;\"><strong>Cookies propias:<\/strong> aqu\u00e9llas que se env\u00edan al equipo terminal del usuario desde un equipo o dominio gestionado por el propio editor y desde el que se presta el servicio solicitado por el usuario.\u00a0<\/span><\/li>\n<li><span style=\"font-weight: 400;\"><strong>Cookies de terceros:<\/strong> aqu\u00e9llas que se env\u00edan al equipo terminal del usuario desde un equipo o dominio que no es gestionado por el editor, sino por otra entidad que trata los datos obtenidos trav\u00e9s de las cookies.\u00a0<\/span><\/li>\n<\/ul>\n<p><span style=\"font-weight: 400;\">En el caso de que las cookies sean instaladas desde un equipo o dominio gestionado por el propio editor, pero la informaci\u00f3n que se recoja mediante \u00e9stas sea gestionada por un tercero, no pueden ser consideradas como cookies propias.\u00a0<\/span><\/p>\n<p><span style=\"font-weight: 400;\">Existe tambi\u00e9n una segunda clasificaci\u00f3n <\/span><b>seg\u00fan el plazo de tiempo que permanecen almacenadas en el navegador del cliente<\/b><span style=\"font-weight: 400;\">, pudiendo tratarse de:\u00a0<\/span><\/p>\n<ul>\n<li><span style=\"font-weight: 400;\"><strong>Cookies de sesi\u00f3n:<\/strong> dise\u00f1adas para recabar y almacenar datos mientras el usuario accede a una p\u00e1gina web. Se suelen emplear para almacenar informaci\u00f3n que solo interesa conservar para la prestaci\u00f3n del servicio solicitado por el usuario en una sola ocasi\u00f3n (p.e. una lista de productos adquiridos).\u00a0<\/span><\/li>\n<li><span style=\"font-weight: 400;\"><strong>Cookies persistentes:<\/strong> los datos siguen almacenados en el terminal y pueden ser accedidos y tratados durante un periodo definido por el responsable de la cookie, y que puede ir de unos minutos a varios a\u00f1os.\u00a0<\/span><\/li>\n<\/ul>\n<p><span style=\"font-weight: 400;\">Por \u00faltimo, existe otra clasificaci\u00f3n con seis tipos de cookies <\/span><b>seg\u00fan la finalidad <\/b><span style=\"font-weight: 400;\">para la que se traten los datos obtenidos:\u00a0<\/span><\/p>\n<ul>\n<li><span style=\"font-weight: 400;\"><strong>Cookies T\u00e9cnicas:<\/strong> Las cookies t\u00e9cnicas o necesarias son esenciales para que nuestra web pueda funcionar correctamente e incluye funcionalidades b\u00e1sicas como identificar la sesi\u00f3n o dar acceso a los usuarios registrados a zonas de acceso <\/span>restringido. Por estos motivos las cookies t\u00e9cnicas no se pueden desactivar.<\/li>\n<li><span style=\"font-weight: 400;\"><strong>Cookies de Preferencia:<\/strong> Al utilizar cookies de preferencias, la p\u00e1gina web puede recordar informaci\u00f3n durante tu tiempo de navegaci\u00f3n asociada a la forma en que la p\u00e1gina se comporta o el aspecto que tiene, como tu idioma preferido o la regi\u00f3n en la que te encuentras.\u00a0<\/span><\/li>\n<\/ul>\n<ul>\n<li><span style=\"font-weight: 400;\"><strong>Cookies Estad\u00edsticas:<\/strong> Utilizamos cookies de tipo estad\u00edstico para ver como interact\u00faas con la p\u00e1gina web, reuniendo informaci\u00f3n an\u00f3nima durante el tiempo que navegas por ella. La finalidad de recabar esta informaci\u00f3n es la de introducir mejoras en la web en funci\u00f3n del an\u00e1lisis de los datos agregados.\u00a0<\/span><\/li>\n<li><span style=\"font-weight: 400;\"><strong>Cookies Marketing\/Publicitarias:<\/strong> Nos permiten la gesti\u00f3n de los espacios publicitarios incluidos en nuestro sitio web, aplicaci\u00f3n o plataforma en base a criterios como el contenido mostrado o la frecuencia en la que se muestran los anuncios.\u00a0<\/span><\/li>\n<li><span style=\"font-weight: 400;\"><strong>Cookies de Marketing:<\/strong> Las cookies de marketing se utilizan para analizar tu comportamiento mientras visitas la p\u00e1gina web y para que, de forma puntual, otros proveedores puedan ofrecerte publicidad personalizada y relevante atendiendo a tu perfil de navegaci\u00f3n.\u00a0<\/span><\/li>\n<li><span style=\"font-weight: 400;\"><strong>Cookies de Redes sociales externas:<\/strong> se utilizan para que los visitantes puedan interactuar con el contenido de diferentes plataformas sociales (facebook, youtube, twitter, linkedin, etc..) y que se generen \u00fanicamente para los usuarios de dichas redes sociales. Las condiciones de utilizaci\u00f3n de estas cookies y la informaci\u00f3n recopilada se regulan por la pol\u00edtica de privacidad de la plataforma social correspondiente.\u00a0<\/span><\/li>\n<\/ul>\n<p>&nbsp;<\/p>\n<h6>2. Cookies que nosotros utilizamos<b><\/b><\/h6>\n<p><span style=\"font-weight: 400;\">Desde la web de OBRAS Y SERVICIOS MARVA, S.L. utilizamos cookies que tienen diferentes funciones:\u00a0<\/span><\/p>\n<p><b>COOKIES PROPIAS<\/b><\/p>\n<ul>\n<li><b>T\u00e9cnicas o necesarias:<\/b><\/li>\n<\/ul>\n<p><span style=\"font-weight: 400;\">Las cookies t\u00e9cnicas o estrictamente necesarias son aquellas que permiten al usuario la navegaci\u00f3n a trav\u00e9s de una p\u00e1gina web y la utilizaci\u00f3n de las diferentes opciones o servicios que en ella se ofrecen, como, por ejemplo, controlar el tr\u00e1fico y la comunicaci\u00f3n de datos, identificar la sesi\u00f3n, acceder a partes de acceso restringido, recordar los elementos que integran un pedido, realizar el proceso de compra de un pedido, gestionar el pago, controlar el fraude vinculado a la seguridad del servicio, realizar la solicitud de inscripci\u00f3n o participaci\u00f3n en un evento, utilizar elementos de seguridad durante la navegaci\u00f3n, almacenar contenidos para la difusi\u00f3n de v\u00eddeos o sonido, habilitar contenidos din\u00e1micos (por ejemplo, animaci\u00f3n de carga de un texto o imagen), compartir contenidos a trav\u00e9s de redes sociales o personalizar la interfaz de usuario siempre que sea \u00e9ste quien elija las opciones de personalizaci\u00f3n que desee. La base legal que legitima este tratamiento es la ejecuci\u00f3n y mantenimiento del servicio solicitado por el usuario. Estas cookies permanecer\u00e1n activas mientras el usuario permanezca en el sitio web.<\/span><\/p>\n<ul>\n<li><b>Preferencia o personalizaci\u00f3n:<\/b><b><\/b><\/li>\n<\/ul>\n<p><span style=\"font-weight: 400;\">Las cookies de preferencia o personalizaci\u00f3n son aquellas que permiten recordar informaci\u00f3n para que el usuario acceda al servicio con determinadas caracter\u00edsticas que pueden diferenciar su experiencia de la de otros usuarios, como, por ejemplo, el idioma, el n\u00famero de resultados a mostrar cuando el usuario realiza una b\u00fasqueda, el aspecto o contenido del servicio en funci\u00f3n del tipo de navegador a trav\u00e9s del cual el usuario accede al servicio o de la regi\u00f3n desde la que accede al servicio, etc. la duraci\u00f3n de estas cookies es el tiempo en que el usuario permanece en el sitio web (sesi\u00f3n). La informaci\u00f3n se almacena exclusivamente en el navegador del usuario y no es utilizada para otro motivo que no sea el de gestionar las preferencias del usuario. La base legal que legitima el tratamiento es el consentimiento expreso prestado por el usuario.\u00a0<\/span><\/p>\n<p><b>COOKIES DE TERCEROS\u00a0<\/b><\/p>\n<ul>\n<li><b>Medici\u00f3n o an\u00e1lisis:\u00a0<\/b><\/li>\n<\/ul>\n<p><span style=\"font-weight: 400;\">Las cookies de medici\u00f3n o an\u00e1lisis son aquellas que permiten al responsable de las mismas el seguimiento y an\u00e1lisis del comportamiento de los usuarios de los sitios web a los que est\u00e1n vinculadas, incluida la cuantificaci\u00f3n de los impactos de los anuncios. La informaci\u00f3n recogida mediante este tipo de cookies se utiliza en la medici\u00f3n de la actividad de los sitios web, aplicaci\u00f3n o plataforma, con el fin de introducir mejoras en funci\u00f3n del an\u00e1lisis de los datos de uso que hacen los usuarios del servicio. La base legal que legitima el tratamiento es el consentimiento expreso prestado por el usuario. Puede obtener m\u00e1s informaci\u00f3n acerca de estas cookies, as\u00ed como su periodo de conservaci\u00f3n siguiendo el\/los enlace\/s de Pol\u00edtica de cookies.\u00a0<\/span><\/p>\n<ul>\n<li><b>Publicidad comportamental:\u00a0<\/b><\/li>\n<\/ul>\n<p><span style=\"font-weight: 400;\">Las cookies de publicidad comportamental son aquellas que almacenan informaci\u00f3n del comportamiento de los usuarios obtenida a trav\u00e9s de la observaci\u00f3n continuada de sus h\u00e1bitos de navegaci\u00f3n, lo que permite desarrollar un perfil espec\u00edfico para mostrar publicidad en funci\u00f3n del mismo. La base legal que legitima el tratamiento es el consentimiento expreso prestado por el usuario. Puede obtener m\u00e1s informaci\u00f3n acerca de estas cookies, as\u00ed como su periodo de conservaci\u00f3n siguiendo el\/los enlaces de Pol\u00edtica de cookies.\u00a0<\/span><\/p>\n<p><span style=\"font-weight: 400;\">Utilizamos cookies propias y de terceros. A la tabla siguiente podr\u00e1 encontrar todas las cookies utilizadas<\/span><span style=\"font-weight: 400;\">:\u00a0<\/span><\/p>\n<table>\n<tbody>\n<tr>\n<td style=\"text-align: center;\"><b>Categor\u00eda\/Tipo\u00a0 &#8211;\u00a0 Nombre\u00a0 &#8211;\u00a0 Finalidad\u00a0 &#8211;\u00a0 Caducidad\u00a0 &#8211;\u00a0 Titular<\/b><\/td>\n<\/tr>\n<\/tbody>\n<\/table>\n<p>&nbsp;<\/p>\n<h6>3. Como cambiar las cookies (Desactivaci\u00f3n y eliminaci\u00f3n)<\/h6>\n<p><span style=\"font-weight: 400;\">Como administrar cookies desde nuestro Banner:<\/span><\/p>\n<p><span style=\"font-weight: 400;\">Dentro de la p\u00e1gina web, de forma autom\u00e1tica, se abrir\u00e1 una ventana donde podr\u00e1 decidir si quiere aceptar la instalaci\u00f3n de cookies lo que permite que se instalen y sean utilizadas tal y como se dispone en nuestra pol\u00edtica de cookies o bien configurar las mismas seg\u00fan quiera.\u00a0<\/span><\/p>\n<p><span style=\"font-weight: 400;\">La opci\u00f3n de configurar las cookies siempre estar\u00e1 presente en la parte inferior de la p\u00e1gina en el caso de que cambie de opini\u00f3n.\u00a0<\/span><\/p>\n<p><span style=\"font-weight: 400;\">Como administrar cookies desde su navegador:\u00a0<\/span><\/p>\n<p><span style=\"font-weight: 400;\">La mayor\u00eda de los navegadores le permiten ver, administrar, eliminar y bloquear las cookies de un sitio web. Tenga en cuenta que si borra todas las cookies se perder\u00e1n todas las preferencias de usuario que haya establecido, incluida la posibilidad de excluir cookies, ya que esta funci\u00f3n requiere, precisamente, la colocaci\u00f3n de una cookie de exclusi\u00f3n en su dispositivo.\u00a0<\/span><\/p>\n<p><span style=\"font-weight: 400;\">A continuaci\u00f3n, puede ver c\u00f3mo gestionar las cookies en los principales navegadores: <\/span><\/p>\n<p><b>Google Chrome<\/b><b>\u00a0<\/b><\/p>\n<ol>\n<li><span style=\"font-weight: 400;\"> En el ordenador, abre Chrome.\u00a0<\/span><\/li>\n<li><span style=\"font-weight: 400;\"> Arriba a la derecha, haz clic en M\u00e1s. Configuraci\u00f3n.\u00a0<\/span><\/li>\n<li><span style=\"font-weight: 400;\"> En &#8220;Privacidad y seguridad&#8221;, haz clic en Configuraci\u00f3n de sitios web.\u00a0<\/span><\/li>\n<li><span style=\"font-weight: 400;\"> Haz clic en Cookies.\u00a0<\/span><\/li>\n<li><span style=\"font-weight: 400;\"> A continuaci\u00f3n, podr\u00e1s: Activar las cookies: activa el interruptor que aparece junto a &#8220;Con bloqueo&#8221;.\u00a0<\/span><\/li>\n<\/ol>\n<p><span style=\"font-weight: 400;\">Para m\u00e1s informaci\u00f3n, puedes consultar el <\/span><a href=\"https:\/\/support.google.com\/chrome\/answer\/95647?hl=es&amp;ref_topic=3434352\"><span style=\"font-weight: 400;\">soporte de Google <\/span><\/a><span style=\"font-weight: 400;\">o la Ayuda del navegador.\u00a0<\/span><\/p>\n<p><b>Microsoft Internet Explorer<\/b><b>\u00a0<\/b><\/p>\n<ol>\n<li><span style=\"font-weight: 400;\"> Haz clic en herramientas en la esquina superior de tu buscador Windows y selecciona opciones opciones de internet y vuelve a clicar en la opci\u00f3n de Privacidad.\u00a0<\/span><\/li>\n<li><span style=\"font-weight: 400;\"> Aseg\u00farate de que tu nivel de Privacidad est\u00e1 en nivel Medio o menor lo que permitir\u00e1 el uso de cookies en tu buscador.\u00a0<\/span><\/li>\n<li><span style=\"font-weight: 400;\"> Si se selecciona una opci\u00f3n mayor a nivel Medio no se permitir\u00e1 el uso de las cookies.\u00a0<\/span><\/li>\n<\/ol>\n<p><span style=\"font-weight: 400;\">Para m\u00e1s informaci\u00f3n, puedes consultar el <\/span><a href=\"https:\/\/support.microsoft.com\/es-es\/windows\/administrar-cookies-en-microsoft-edge-ver-permitir-bloquear-eliminar-y-usar-168dab11-0753-043d-7c16-ede5947fc64d\"><span style=\"font-weight: 400;\">soporte de Microsoft<\/span><\/a><span style=\"font-weight: 400;\"> o la Ayuda del navegador.\u00a0<\/span><\/p>\n<p><b>Mozilla Firefox<\/b><b>\u00a0<\/b><\/p>\n<ol>\n<li><span style=\"font-weight: 400;\"> Haz clic en la parte superior de la ventana de tu buscador. Haz clic en <\/span>Herramientas y selecciona Opciones.<\/li>\n<\/ol>\n<ol start=\"2\">\n<li><span style=\"font-weight: 400;\"> Selecciona el icono de Privacidad &amp; Seguridad.\u00a0<\/span><\/li>\n<li><span style=\"font-weight: 400;\"> Haz clic en la opci\u00f3n de permitir cookies en esta web.\u00a0<\/span><\/li>\n<\/ol>\n<p><span style=\"font-weight: 400;\">Para m\u00e1s informaci\u00f3n, puedes consultar el <\/span><a href=\"https:\/\/support.mozilla.org\/es\/kb\/cookies-informacion-que-los-sitios-web-guardan-en-\"><span style=\"font-weight: 400;\">soporte de Mozilla <\/span><\/a><span style=\"font-weight: 400;\">o la Ayuda del navegador.\u00a0<\/span><\/p>\n<p><b>Safari<\/b><b>\u00a0<\/b><\/p>\n<ol>\n<li><span style=\"font-weight: 400;\"> Haz clic en el icono de herramientas en la parte superior de tu buscador y selecciona la opci\u00f3n de preferencias.\u00a0<\/span><\/li>\n<li><span style=\"font-weight: 400;\"> Haz clic en Privacidad y seguridad y selecciona la opci\u00f3n de Bloquear Impedir seguimiento entre sitios\u00a0<\/span><\/li>\n<li><span style=\"font-weight: 400;\"> Haz clic en Guardar.\u00a0<\/span><\/li>\n<\/ol>\n<p><span style=\"font-weight: 400;\">Para m\u00e1s informaci\u00f3n, puedes consultar el <\/span><a href=\"https:\/\/support.apple.com\/es-es\/105082\"><span style=\"font-weight: 400;\">soporte de Apple <\/span><\/a><span style=\"font-weight: 400;\">o la Ayuda del navegador.\u00a0<\/span><\/p>\n<p><span style=\"font-weight: 400;\">O puede consultar los video tutoriales publicados por la Agencia Espa\u00f1ola de Protecci\u00f3n de Datos<\/span><span style=\"font-weight: 400;\">: <\/span><a href=\"http:\/\/www.youtube.com\/user\/desdelaAEPD\" target=\"_blank\" rel=\"nofollow noopener noreferrer\"><span style=\"font-weight: 400;\">http:\/\/www.youtube.com\/user\/desdelaAEPD<\/span><\/a><\/p>\n<h6>4. Cambios en la pol\u00edtica de cookies.<b><\/b><\/h6>\n<p><span style=\"font-weight: 400;\">El presente aviso de privacidad puede sufrir modificaciones, cambios o actualizaciones derivadas de nuevos requerimientos legales. El presente documento ser\u00e1 siempre la versi\u00f3n actualizada, adaptada a los nuevos requerimientos.\u00a0<\/span><\/p>\n<p><span style=\"font-weight: 400;\">Los interesados podr\u00e1n ejercitar los derechos de acceso, rectificaci\u00f3n, cancelaci\u00f3n u oposici\u00f3n, a trav\u00e9s de la siguiente direcci\u00f3n de email veronica@construccionesmarva.com .\u00a0<\/span><\/p>\n<h6>5. Tratamiento de datos y ejercicio de derechos.<b><\/b><\/h6>\n<p><span style=\"font-weight: 400;\">Los datos personales que recabemos a trav\u00e9s del uso de cookies ser\u00e1n tratados por OBRAS Y SERVICIOS MARVA, S.L., C\/ DOCTOR CALATAYUD, 49 03724 MORAIRA (ALICANTE)\u00a0<\/span><\/p>\n<p><span style=\"font-weight: 400;\">Sus datos personales ser\u00e1n tratados con la finalidad indicada en cada una de las cookies identificadas en la tabla anterior. Estos datos personales estar\u00e1n tratados en base a tu consentimiento.\u00a0<\/span><\/p>\n<p><span style=\"font-weight: 400;\">Puede ejercitar sus derechos de acceso, rectificaci\u00f3n, supresi\u00f3n y oposici\u00f3n, as\u00ed como el derecho de limitaci\u00f3n del tratamiento, el derecho a la portabilidad de sus datos y el derecho a no ser objeto de decisiones automatizadas, acreditando su identidad mediante DNI o equivalente a <\/span><span style=\"font-weight: 400;\">trav\u00e9s de correo electr\u00f3nico a veronica@construccionesmarva.com .\u00a0<\/span><\/p>\n<p><span style=\"font-weight: 400;\">Podr\u00e1 revocar el consentimiento otorgado para cada tipo de cookie en cualquier momento y a trav\u00e9s de nuestro panel de configuraci\u00f3n de cookies.\u00a0<\/span><\/p>\n<p><span style=\"font-weight: 400;\">Si considera que OBRAS Y SERVICIOS MARVA, S.L. no ha respetado alguno de los derechos anteriormente mencionados tiene derecho a presentar una reclamaci\u00f3n a la Agencia Espa\u00f1ola de Protecci\u00f3n de Datos.\u00a0<\/span><\/p>\n<h6>6. A qui\u00e9n van a ser comunicados sus datos<b><\/b><\/h6>\n<p><span style=\"font-weight: 400;\">Con car\u00e1cter general, los datos de los usuarios recabados a trav\u00e9s de las cookies propias de este sitio web, no ser\u00e1n transferidos a terceras personas.\u00a0<\/span><\/p>\n<p><span style=\"font-weight: 400;\">Sin embargo, con motivo de la utilizaci\u00f3n de cookies de terceros, es posible que los datos recabados sean transferidos fuera de la Uni\u00f3n Europea, debido a que estas cookies pueden estar alojadas fuera del Espacio Econ\u00f3mico Europeo.\u00a0<\/span><\/p>\n<p><span style=\"font-weight: 400;\">Estas cookies que pueden encontrarse alojadas fuera de la UE son las siguientes:<\/span><\/p>\n<p><b>M\u00c1S INFORMACI\u00d3N SOBRE TRATAMIENTO DE DATOS PERSONALES\u00a0<\/b><\/p>\n<p><span style=\"font-weight: 400;\">Puede consultar m\u00e1s informaci\u00f3n sobre el tratamiento de sus datos personales accediendo a nuestra Pol\u00edtica de Privacidad.<\/span><\/p>\n<\/div>\n<\/div>\n<p>[\/vc_column_text][\/vc_column][vc_column width=&#8221;1\/6&#8243;][\/vc_column][\/vc_row]<\/p>\n","protected":false},"excerpt":{"rendered":"<p>[vc_column width=&#8221;2\/3&#8243;][vc_empty_space height=&#8221;64px&#8221;][vc_column_text] POL\u00cdTICA DE COOKIES &nbsp; 1. \u00bfQu\u00e9 son las Cookies? Las cookies son peque\u00f1os ficheros de datos que se generan en el ordenador del usuario y que nos permiten conocer su frecuencia de visitas, los contenidos m\u00e1s seleccionados y los elementos de seguridad que pueden intervenir en el control de acceso a [&hellip;]<\/p>\n","protected":false},"author":4,"featured_media":0,"parent":0,"menu_order":8,"comment_status":"closed","ping_status":"closed","template":"template-fullwidth.php","meta":{"_joinchat":[],"footnotes":""},"class_list":["post-29833","page","type-page","status-publish","hentry"],"yoast_head":"<!-- This site is optimized with the Yoast SEO plugin v25.9 - https:\/\/yoast.com\/wordpress\/plugins\/seo\/ -->\n<title>Pol\u00edtica de Cookies - Marva<\/title>\n<meta name=\"robots\" content=\"noindex, nofollow\" \/>\n<meta property=\"og:locale\" content=\"es_ES\" \/>\n<meta property=\"og:type\" content=\"article\" \/>\n<meta property=\"og:title\" content=\"Pol\u00edtica de Cookies - Marva\" \/>\n<meta property=\"og:description\" content=\"[vc_column width=&#8221;2\/3&#8243;][vc_empty_space height=&#8221;64px&#8221;][vc_column_text] POL\u00cdTICA DE COOKIES &nbsp; 1. \u00bfQu\u00e9 son las Cookies? Las cookies son peque\u00f1os ficheros de datos que se generan en el ordenador del usuario y que nos permiten conocer su frecuencia de visitas, los contenidos m\u00e1s seleccionados y los elementos de seguridad que pueden intervenir en el control de acceso a [&hellip;]\" \/>\n<meta property=\"og:url\" content=\"https:\/\/construccionesmarva.com\/es\/politica-de-cookies\/\" \/>\n<meta property=\"og:site_name\" content=\"Marva\" \/>\n<meta property=\"article:modified_time\" content=\"2025-08-29T08:40:06+00:00\" \/>\n<meta property=\"og:image\" content=\"https:\/\/construccionesmarva.com\/wp-content\/webp-express\/webp-images\/uploads\/2022\/02\/Logotipos_Marva-10-e1644950568634.png.webp\" \/>\n\t<meta property=\"og:image:width\" content=\"1906\" \/>\n\t<meta property=\"og:image:height\" content=\"577\" \/>\n\t<meta property=\"og:image:type\" content=\"image\/png\" \/>\n<meta name=\"twitter:card\" content=\"summary_large_image\" \/>\n<meta name=\"twitter:image\" content=\"https:\/\/construccionesmarva.com\/wp-content\/webp-express\/webp-images\/uploads\/2022\/02\/Logotipos_Marva-10-e1644950568634.png.webp\" \/>\n<meta name=\"twitter:label1\" content=\"Est. reading time\" \/>\n\t<meta name=\"twitter:data1\" content=\"9 minutes\" \/>\n<script type=\"application\/ld+json\" class=\"yoast-schema-graph\">{\"@context\":\"https:\/\/schema.org\",\"@graph\":[{\"@type\":\"WebPage\",\"@id\":\"https:\/\/construccionesmarva.com\/es\/politica-de-cookies\/\",\"url\":\"https:\/\/construccionesmarva.com\/es\/politica-de-cookies\/\",\"name\":\"Pol\u00edtica de Cookies - Marva\",\"isPartOf\":{\"@id\":\"https:\/\/construccionesmarva.com\/es\/#website\"},\"datePublished\":\"2020-07-08T17:31:14+00:00\",\"dateModified\":\"2025-08-29T08:40:06+00:00\",\"breadcrumb\":{\"@id\":\"https:\/\/construccionesmarva.com\/es\/politica-de-cookies\/#breadcrumb\"},\"inLanguage\":\"es\",\"potentialAction\":[{\"@type\":\"ReadAction\",\"target\":[\"https:\/\/construccionesmarva.com\/es\/politica-de-cookies\/\"]}]},{\"@type\":\"BreadcrumbList\",\"@id\":\"https:\/\/construccionesmarva.com\/es\/politica-de-cookies\/#breadcrumb\",\"itemListElement\":[{\"@type\":\"ListItem\",\"position\":1,\"name\":\"Inicio\",\"item\":\"https:\/\/construccionesmarva.com\/es\/\"},{\"@type\":\"ListItem\",\"position\":2,\"name\":\"Pol\u00edtica de Cookies\"}]},{\"@type\":\"WebSite\",\"@id\":\"https:\/\/construccionesmarva.com\/es\/#website\",\"url\":\"https:\/\/construccionesmarva.com\/es\/\",\"name\":\"Marva\",\"description\":\"Construction and housing sales\",\"potentialAction\":[{\"@type\":\"SearchAction\",\"target\":{\"@type\":\"EntryPoint\",\"urlTemplate\":\"https:\/\/construccionesmarva.com\/es\/?s={search_term_string}\"},\"query-input\":{\"@type\":\"PropertyValueSpecification\",\"valueRequired\":true,\"valueName\":\"search_term_string\"}}],\"inLanguage\":\"es\"}]}<\/script>\n<!-- \/ Yoast SEO plugin. -->","yoast_head_json":{"title":"Pol\u00edtica de Cookies - Marva","robots":{"index":"noindex","follow":"nofollow"},"og_locale":"es_ES","og_type":"article","og_title":"Pol\u00edtica de Cookies - Marva","og_description":"[vc_column width=&#8221;2\/3&#8243;][vc_empty_space height=&#8221;64px&#8221;][vc_column_text] POL\u00cdTICA DE COOKIES &nbsp; 1. \u00bfQu\u00e9 son las Cookies? Las cookies son peque\u00f1os ficheros de datos que se generan en el ordenador del usuario y que nos permiten conocer su frecuencia de visitas, los contenidos m\u00e1s seleccionados y los elementos de seguridad que pueden intervenir en el control de acceso a [&hellip;]","og_url":"https:\/\/construccionesmarva.com\/es\/politica-de-cookies\/","og_site_name":"Marva","article_modified_time":"2025-08-29T08:40:06+00:00","og_image":[{"width":1906,"height":577,"url":"https:\/\/construccionesmarva.com\/wp-content\/webp-express\/webp-images\/uploads\/2022\/02\/Logotipos_Marva-10-e1644950568634.png.webp","type":"image\/png"}],"twitter_card":"summary_large_image","twitter_image":"https:\/\/construccionesmarva.com\/wp-content\/webp-express\/webp-images\/uploads\/2022\/02\/Logotipos_Marva-10-e1644950568634.png.webp","twitter_misc":{"Est. reading time":"9 minutes"},"schema":{"@context":"https:\/\/schema.org","@graph":[{"@type":"WebPage","@id":"https:\/\/construccionesmarva.com\/es\/politica-de-cookies\/","url":"https:\/\/construccionesmarva.com\/es\/politica-de-cookies\/","name":"Pol\u00edtica de Cookies - Marva","isPartOf":{"@id":"https:\/\/construccionesmarva.com\/es\/#website"},"datePublished":"2020-07-08T17:31:14+00:00","dateModified":"2025-08-29T08:40:06+00:00","breadcrumb":{"@id":"https:\/\/construccionesmarva.com\/es\/politica-de-cookies\/#breadcrumb"},"inLanguage":"es","potentialAction":[{"@type":"ReadAction","target":["https:\/\/construccionesmarva.com\/es\/politica-de-cookies\/"]}]},{"@type":"BreadcrumbList","@id":"https:\/\/construccionesmarva.com\/es\/politica-de-cookies\/#breadcrumb","itemListElement":[{"@type":"ListItem","position":1,"name":"Inicio","item":"https:\/\/construccionesmarva.com\/es\/"},{"@type":"ListItem","position":2,"name":"Pol\u00edtica de Cookies"}]},{"@type":"WebSite","@id":"https:\/\/construccionesmarva.com\/es\/#website","url":"https:\/\/construccionesmarva.com\/es\/","name":"Marva","description":"Construction and housing sales","potentialAction":[{"@type":"SearchAction","target":{"@type":"EntryPoint","urlTemplate":"https:\/\/construccionesmarva.com\/es\/?s={search_term_string}"},"query-input":{"@type":"PropertyValueSpecification","valueRequired":true,"valueName":"search_term_string"}}],"inLanguage":"es"}]}},"_links":{"self":[{"href":"https:\/\/construccionesmarva.com\/es\/wp-json\/wp\/v2\/pages\/29833","targetHints":{"allow":["GET"]}}],"collection":[{"href":"https:\/\/construccionesmarva.com\/es\/wp-json\/wp\/v2\/pages"}],"about":[{"href":"https:\/\/construccionesmarva.com\/es\/wp-json\/wp\/v2\/types\/page"}],"author":[{"embeddable":true,"href":"https:\/\/construccionesmarva.com\/es\/wp-json\/wp\/v2\/users\/4"}],"replies":[{"embeddable":true,"href":"https:\/\/construccionesmarva.com\/es\/wp-json\/wp\/v2\/comments?post=29833"}],"version-history":[{"count":2,"href":"https:\/\/construccionesmarva.com\/es\/wp-json\/wp\/v2\/pages\/29833\/revisions"}],"predecessor-version":[{"id":30823,"href":"https:\/\/construccionesmarva.com\/es\/wp-json\/wp\/v2\/pages\/29833\/revisions\/30823"}],"wp:attachment":[{"href":"https:\/\/construccionesmarva.com\/es\/wp-json\/wp\/v2\/media?parent=29833"}],"curies":[{"name":"wp","href":"https:\/\/api.w.org\/{rel}","templated":true}]}}